{"id":10,"date":"2021-12-18T11:09:38","date_gmt":"2021-12-18T10:09:38","guid":{"rendered":"https:\/\/mazury.travel\/rowery\/?page_id=10"},"modified":"2022-03-14T10:40:11","modified_gmt":"2022-03-14T09:40:11","slug":"miejsca","status":"publish","type":"page","link":"https:\/\/mazury.travel\/rowery\/miejsca\/","title":{"rendered":"Miejsca"},"content":{"rendered":"\n<p>Warmia i Mazury przyci\u0105gaj\u0105 nie tylko \u017ceglarzy. Powstaje tutaj coraz wi\u0119cej atrakcyjnych szlak\u00f3w rowerowych i wydzielonych dr\u00f3g dla rowerzyst\u00f3w. Le\u015bne dukty, polne szutry i utwardzone \u015bcie\u017cki rowerowe przebiegaj\u0105ce w pobli\u017cu jezior zach\u0119caj\u0105, by wsi\u0105\u015b\u0107 na rower i ruszy\u0107 w drog\u0119. Zwiedzajcie Warmi\u0119 i Mazury i zachwycajcie si\u0119 ich krajobrazami, r\u00f3\u017cnorodno\u015bci\u0105 i kolorami. Ten wymarzony dla rowerzyst\u00f3w region mo\u017cna poznawa\u0107 na wiele sposob\u00f3w, a w\u015br\u00f3d bogatej sieci szlak\u00f3w rowerowych ka\u017cdy znajdzie co\u015b dla siebie.<\/p>\n","protected":false},"excerpt":{"rendered":"<p>Warmia i Mazury przyci\u0105gaj\u0105 nie tylko \u017ceglarzy. Powstaje tutaj coraz wi\u0119cej atrakcyjnych szlak\u00f3w rowerowych i wydzielonych dr\u00f3g dla rowerzyst\u00f3w. Le\u015bne dukty, polne szutry i utwardzone \u015bcie\u017cki rowerowe przebiegaj\u0105ce w pobli\u017cu jezior zach\u0119caj\u0105, by wsi\u0105\u015b\u0107 na rower i ruszy\u0107 w drog\u0119. Zwiedzajcie Warmi\u0119 i Mazury i zachwycajcie si\u0119 ich krajobrazami, r\u00f3\u017cnorodno\u015bci\u0105 i kolorami. Ten wymarzony dla [&hellip;]<\/p>\n","protected":false},"author":1,"featured_media":3221,"parent":0,"menu_order":3,"comment_status":"closed","ping_status":"closed","template":"taxonomy-kategorie_miejsca.php","meta":{"inline_featured_image":false,"footnotes":""},"class_list":["post-10","page","type-page","status-publish","has-post-thumbnail","hentry"],"_links":{"self":[{"href":"https:\/\/mazury.travel\/rowery\/wp-json\/wp\/v2\/pages\/10","targetHints":{"allow":["GET"]}}],"collection":[{"href":"https:\/\/mazury.travel\/rowery\/wp-json\/wp\/v2\/pages"}],"about":[{"href":"https:\/\/mazury.travel\/rowery\/wp-json\/wp\/v2\/types\/page"}],"author":[{"embeddable":true,"href":"https:\/\/mazury.travel\/rowery\/wp-json\/wp\/v2\/users\/1"}],"replies":[{"embeddable":true,"href":"https:\/\/mazury.travel\/rowery\/wp-json\/wp\/v2\/comments?post=10"}],"version-history":[{"count":3,"href":"https:\/\/mazury.travel\/rowery\/wp-json\/wp\/v2\/pages\/10\/revisions"}],"predecessor-version":[{"id":2762,"href":"https:\/\/mazury.travel\/rowery\/wp-json\/wp\/v2\/pages\/10\/revisions\/2762"}],"wp:featuredmedia":[{"embeddable":true,"href":"https:\/\/mazury.travel\/rowery\/wp-json\/wp\/v2\/media\/3221"}],"wp:attachment":[{"href":"https:\/\/mazury.travel\/rowery\/wp-json\/wp\/v2\/media?parent=10"}],"curies":[{"name":"wp","href":"https:\/\/api.w.org\/{rel}","templated":true}]}}