{"id":14,"date":"2021-12-18T11:10:34","date_gmt":"2021-12-18T10:10:34","guid":{"rendered":"https:\/\/mazury.travel\/rowery\/?page_id=14"},"modified":"2022-02-28T11:40:51","modified_gmt":"2022-02-28T10:40:51","slug":"mapa","status":"publish","type":"page","link":"https:\/\/mazury.travel\/rowery\/mapa\/","title":{"rendered":"Mapa"},"content":{"rendered":"\n<p>Chc\u0105c poznawa\u0107 prawdziwy charakter Warmii i Mazur i odkrywa\u0107 ich uroki, warto robi\u0107 to na rowerze. Region doskonale nadaje si\u0119 do uprawiania wszelkich form turystyki rowerowej, czemu sprzyja bogata sie\u0107 dr\u00f3g: g\u0142\u00f3wnie szutrowych, ale tak\u017ce asfaltowych o niewielkim nat\u0119\u017ceniu ruchu samochodowego. Wcze\u015bniejsze zaplanowanie trasy daje nie tylko satysfakcj\u0119, ale zapewnia r\u00f3wnie\u017c poczucie bezpiecze\u0144stwa i gwarantuje spok\u00f3j podczas wyprawy. Dlatego zach\u0119camy, by przy planowaniu wypad\u00f3w rowerowych korzysta\u0107 z mapy, co p\u00f3\u017aniej pozwoli skupi\u0107 si\u0119 na \u201ekr\u0119ceniu\u201d i pomo\u017ce unikn\u0105\u0107 zab\u0142\u0105dzenia.<\/p>\n","protected":false},"excerpt":{"rendered":"<p>Chc\u0105c poznawa\u0107 prawdziwy charakter Warmii i Mazur i odkrywa\u0107 ich uroki, warto robi\u0107 to na rowerze. Region doskonale nadaje si\u0119 do uprawiania wszelkich form turystyki rowerowej, czemu sprzyja bogata sie\u0107 dr\u00f3g: g\u0142\u00f3wnie szutrowych, ale tak\u017ce asfaltowych o niewielkim nat\u0119\u017ceniu ruchu samochodowego. Wcze\u015bniejsze zaplanowanie trasy daje nie tylko satysfakcj\u0119, ale zapewnia r\u00f3wnie\u017c poczucie bezpiecze\u0144stwa i gwarantuje [&hellip;]<\/p>\n","protected":false},"author":1,"featured_media":0,"parent":0,"menu_order":5,"comment_status":"closed","ping_status":"closed","template":"page-templates\/map.php","meta":{"inline_featured_image":false,"footnotes":""},"class_list":["post-14","page","type-page","status-publish","hentry"],"_links":{"self":[{"href":"https:\/\/mazury.travel\/rowery\/wp-json\/wp\/v2\/pages\/14","targetHints":{"allow":["GET"]}}],"collection":[{"href":"https:\/\/mazury.travel\/rowery\/wp-json\/wp\/v2\/pages"}],"about":[{"href":"https:\/\/mazury.travel\/rowery\/wp-json\/wp\/v2\/types\/page"}],"author":[{"embeddable":true,"href":"https:\/\/mazury.travel\/rowery\/wp-json\/wp\/v2\/users\/1"}],"replies":[{"embeddable":true,"href":"https:\/\/mazury.travel\/rowery\/wp-json\/wp\/v2\/comments?post=14"}],"version-history":[{"count":2,"href":"https:\/\/mazury.travel\/rowery\/wp-json\/wp\/v2\/pages\/14\/revisions"}],"predecessor-version":[{"id":2764,"href":"https:\/\/mazury.travel\/rowery\/wp-json\/wp\/v2\/pages\/14\/revisions\/2764"}],"wp:attachment":[{"href":"https:\/\/mazury.travel\/rowery\/wp-json\/wp\/v2\/media?parent=14"}],"curies":[{"name":"wp","href":"https:\/\/api.w.org\/{rel}","templated":true}]}}