{"id":18,"date":"2021-12-18T11:12:19","date_gmt":"2021-12-18T10:12:19","guid":{"rendered":"https:\/\/mazury.travel\/rowery\/?page_id=18"},"modified":"2022-05-31T15:38:10","modified_gmt":"2022-05-31T13:38:10","slug":"pomoc-i-kontakt","status":"publish","type":"page","link":"https:\/\/mazury.travel\/rowery\/pomoc-i-kontakt\/","title":{"rendered":"Pomoc i kontakt"},"content":{"rendered":"\n<h2 class=\"wp-block-heading\">Dane kontaktowe<\/h2>\n\n\n\n<p><strong>Urz\u0105d Marsza\u0142kowski<\/strong><br><strong>Wojew\u00f3dztwa Warmi\u0144sko-Mazurskiego<\/strong><br><strong>w Olsztynie<\/strong>&nbsp;\u2013 W\u0142a\u015bciciel<\/p>\n\n\n\n<p>Emilii Plater 1, 10-562 Olsztyn<br><strong>Warmi\u0144sko \u2013 Mazurska Regionalna Organizacja Turystyczna<\/strong>&nbsp;\u2013 Administrator<br>Staromiejska 1, 10-017 Olsztyn<\/p>\n\n\n\n<div style=\"height:40px\" aria-hidden=\"true\" class=\"wp-block-spacer\"><\/div>\n\n\n\n<h3 class=\"wp-block-heading\">Witamy w portalu turystycznym Warmii i Mazur.<\/h3>\n\n\n\n<p>Masz jakiekolwiek pytania dotycz\u0105ce regionu? \u2013 Jeste\u015bmy do Twojej dyspozycji. Portal jest nadal w realizacji, je\u017celi zauwa\u017cysz jakie\u015b b\u0142\u0119dy b\u0105d\u017a masz sugestie \u2013 daj nam zna\u0107, wype\u0142niaj\u0105c poni\u017cszy formularz.<\/p>\n\n\n\n<div class=\"wpcf7 no-js\" id=\"wpcf7-f25-o1\" lang=\"pl-PL\" dir=\"ltr\" data-wpcf7-id=\"25\">\n<div class=\"screen-reader-response\"><p role=\"status\" aria-live=\"polite\" aria-atomic=\"true\"><\/p> <ul><\/ul><\/div>\n<form action=\"\/rowery\/wp-json\/wp\/v2\/pages\/18#wpcf7-f25-o1\" method=\"post\" class=\"wpcf7-form init\" aria-label=\"Formularz kontaktowy\" novalidate=\"novalidate\" data-status=\"init\">\n<fieldset class=\"hidden-fields-container\"><input type=\"hidden\" name=\"_wpcf7\" value=\"25\" \/><input type=\"hidden\" name=\"_wpcf7_version\" value=\"6.1.5\" \/><input type=\"hidden\" name=\"_wpcf7_locale\" value=\"pl_PL\" \/><input type=\"hidden\" name=\"_wpcf7_unit_tag\" value=\"wpcf7-f25-o1\" \/><input type=\"hidden\" name=\"_wpcf7_container_post\" value=\"0\" \/><input type=\"hidden\" name=\"_wpcf7_posted_data_hash\" value=\"\" \/>\n<\/fieldset>\n<div class=\"contact-form\">\n\t<h2>Formularz kontaktowy\n\t<\/h2>\n\t<div class=\"row\">\n\t\t<div class=\"col-lg-6\">\n\t\t\t<div class=\"mb-4\">\n\t\t\t\t<p><label for=\"your-name\" class=\"col-form-label\">Imi\u0119 i nazwisko*<\/label><br \/>\n<span class=\"wpcf7-form-control-wrap\" data-name=\"your-name\"><input size=\"40\" maxlength=\"400\" class=\"wpcf7-form-control wpcf7-text wpcf7-validates-as-required form-control\" id=\"your-name\" aria-required=\"true\" aria-invalid=\"false\" placeholder=\"Wpisz imi\u0119 i nazwisko\" value=\"\" type=\"text\" name=\"your-name\" \/><\/span>\n\t\t\t\t<\/p>\n\t\t\t<\/div>\n\t\t<\/div>\n\t\t<div class=\"col-lg-6\">\n\t\t\t<div class=\"mb-4\">\n\t\t\t\t<p><label for=\"your-email\" class=\"col-form-label\">Adres e-mail*<\/label><br \/>\n<span class=\"wpcf7-form-control-wrap\" data-name=\"your-email\"><input size=\"40\" maxlength=\"400\" class=\"wpcf7-form-control wpcf7-email wpcf7-validates-as-required wpcf7-text wpcf7-validates-as-email form-control\" id=\"your-email\" aria-required=\"true\" aria-invalid=\"false\" placeholder=\"Wpisz sw\u00f3j adres e-mail\" value=\"\" type=\"email\" name=\"your-email\" \/><\/span>\n\t\t\t\t<\/p>\n\t\t\t<\/div>\n\t\t<\/div>\n\t<\/div>\n\t<div class=\"mb-4\">\n\t\t<p><label for=\"your-message\" class=\"col-form-label\">Wiadomo\u015b\u0107*<\/label><br \/>\n<span class=\"wpcf7-form-control-wrap\" data-name=\"your-message\"><textarea cols=\"40\" rows=\"10\" maxlength=\"2000\" class=\"wpcf7-form-control wpcf7-textarea wpcf7-validates-as-required form-control\" id=\"your-message\" aria-required=\"true\" aria-invalid=\"false\" placeholder=\"Wpisz tre\u015b\u0107 wiadomo\u015bci\" name=\"your-message\"><\/textarea><\/span>\n\t\t<\/p>\n\t<\/div>\n\t<p><span class=\"wpcf7-form-control-wrap\" data-name=\"acceptance-privacy-policy\"><span class=\"wpcf7-form-control wpcf7-acceptance\"><span class=\"wpcf7-list-item\"><label><input type=\"checkbox\" name=\"acceptance-privacy-policy\" value=\"1\" aria-invalid=\"false\" \/><span class=\"wpcf7-list-item-label\">* Wyra\u017cam zgod\u0119 na przetwarzanie danych osobowych.<\/span><\/label><\/span><\/span><\/span><br \/>\n<span class=\"wpcf7-form-control-wrap\" data-name=\"acceptance-rodo\"><span class=\"wpcf7-form-control wpcf7-acceptance\"><span class=\"wpcf7-list-item\"><label><input type=\"checkbox\" name=\"acceptance-rodo\" value=\"1\" aria-invalid=\"false\" \/><span class=\"wpcf7-list-item-label\">* Przeczyta\u0142em\/am i akceptuj\u0119 <a title=\"Przejd\u017a do strony polityki prywatno\u015bci\" href=\"\/polityka-prywatnosci\/\">Polityk\u0119 prywatno\u015bci<\/a> obowi\u0105zuj\u0105c\u0105 w Warmi\u0144sko-Mazurskiej Regionalnej Organizacji Turystycznej.<p class=\"rodo-text\">Administratorem Pani\/Pana danych osobowych przekazanymi przez Pani\u0105\/Pana w zwi\u0105zku z wys\u0142aniem formularza kontaktowego jest Warmi\u0144sko \u2013 Mazurska Regionalna Organizacja Turystyczna z siedzib\u0105 w Olsztynie przy ul. Staromiejskiej 1 , 10-017 Olsztyn, KRS: 0000149263, NIP: 7393345833 (dalej: \u201eAdministrator\u201d). Celami przetwarzania Pani\/Pana danych osobowych przez Administratora jest mo\u017cliwo\u015b\u0107 zapoznania si\u0119 z tre\u015bci\u0105 wiadomo\u015bci w formularzu kontaktowym, udzielenia odpowiedzi oraz realizacja prawnie uzasadnionego interesu Administratora. Ma Pan\/Pani prawo do dost\u0119pu do swoich danych osobowych, ich sprostowania, usuni\u0119cia lub ograniczenia przetwarzania, je\u017celi zachodz\u0105 ku temu podstawy prawne. Ma Pani\/Pan prawo r\u00f3wnie\u017c do przenoszenia danych przetwarzanych w zautomatyzowanych systemach przetwarzania oraz do wniesienia skargi do Prezesa Urz\u0119du Ochrony Danych Osobowych.<\/p><\/span><\/label><\/span><\/span><\/span>\n\t<\/p>\n\t<p><input class=\"wpcf7-form-control wpcf7-submit has-spinner btn btn_more\" type=\"submit\" value=\"Wy\u015blij\" \/>\n\t<\/p>\n<\/div><div class=\"wpcf7-response-output\" aria-hidden=\"true\"><\/div>\n<\/form>\n<\/div>\n\n","protected":false},"excerpt":{"rendered":"<p>Dane kontaktowe Urz\u0105d Marsza\u0142kowskiWojew\u00f3dztwa Warmi\u0144sko-Mazurskiegow Olsztynie&nbsp;\u2013 W\u0142a\u015bciciel Emilii Plater 1, 10-562 OlsztynWarmi\u0144sko \u2013 Mazurska Regionalna Organizacja Turystyczna&nbsp;\u2013 AdministratorStaromiejska 1, 10-017 Olsztyn Witamy w portalu turystycznym Warmii i Mazur. Masz jakiekolwiek pytania dotycz\u0105ce regionu? \u2013 Jeste\u015bmy do Twojej dyspozycji. Portal jest nadal w realizacji, je\u017celi zauwa\u017cysz jakie\u015b b\u0142\u0119dy b\u0105d\u017a masz sugestie \u2013 daj nam zna\u0107, wype\u0142niaj\u0105c [&hellip;]<\/p>\n","protected":false},"author":1,"featured_media":3223,"parent":0,"menu_order":7,"comment_status":"closed","ping_status":"closed","template":"","meta":{"inline_featured_image":false,"footnotes":""},"class_list":["post-18","page","type-page","status-publish","has-post-thumbnail","hentry"],"_links":{"self":[{"href":"https:\/\/mazury.travel\/rowery\/wp-json\/wp\/v2\/pages\/18","targetHints":{"allow":["GET"]}}],"collection":[{"href":"https:\/\/mazury.travel\/rowery\/wp-json\/wp\/v2\/pages"}],"about":[{"href":"https:\/\/mazury.travel\/rowery\/wp-json\/wp\/v2\/types\/page"}],"author":[{"embeddable":true,"href":"https:\/\/mazury.travel\/rowery\/wp-json\/wp\/v2\/users\/1"}],"replies":[{"embeddable":true,"href":"https:\/\/mazury.travel\/rowery\/wp-json\/wp\/v2\/comments?post=18"}],"version-history":[{"count":32,"href":"https:\/\/mazury.travel\/rowery\/wp-json\/wp\/v2\/pages\/18\/revisions"}],"predecessor-version":[{"id":4094,"href":"https:\/\/mazury.travel\/rowery\/wp-json\/wp\/v2\/pages\/18\/revisions\/4094"}],"wp:featuredmedia":[{"embeddable":true,"href":"https:\/\/mazury.travel\/rowery\/wp-json\/wp\/v2\/media\/3223"}],"wp:attachment":[{"href":"https:\/\/mazury.travel\/rowery\/wp-json\/wp\/v2\/media?parent=18"}],"curies":[{"name":"wp","href":"https:\/\/api.w.org\/{rel}","templated":true}]}}