{"id":8,"date":"2021-12-18T11:07:26","date_gmt":"2021-12-18T10:07:26","guid":{"rendered":"https:\/\/mazury.travel\/rowery\/?page_id=8"},"modified":"2025-05-26T13:56:39","modified_gmt":"2025-05-26T11:56:39","slug":"o-szlakach","status":"publish","type":"page","link":"https:\/\/mazury.travel\/rowery\/o-szlakach\/","title":{"rendered":"O szlakach"},"content":{"rendered":"    <div id=\"blok-introduction-block_61c0794cca09b\" class=\"ukryj\">\n\n    <div >\n<div class=\"container\">\n<div class=\"row\">\n<div class=\"col-xl-6 col-lg-8 col-md-12 col-sm-12 col-xs-12\">\n<div class=\"trail_box1\">\n<div class=\"trail_logo\"><img decoding=\"async\" src=\"https:\/\/mazury.travel\/rowery\/wp-content\/uploads\/2021\/12\/logo-1.png\" alt=\"\"><\/div>\n<h1>Warmia i Mazury, czyli zaproszenie do podr\u00f3\u017cy&#8230;<\/h1><span class=\"trail_box1_text\">Oczywi\u015bcie, dog\u0142\u0119bne zwiedzenie i poznanie ca\u0142ej Polski to zadanie niewykonalne&#8230; dlatego te\u017c przygotowali\u015bmy dla Ciebie szczeg\u00f3ln\u0105 tras\u0119. Wyj\u0105tkow\u0105, troch\u0119 egzotyczn\u0105, mieni\u0105c\u0105 si\u0119 tysi\u0105cem barw.\r\n<\/span>\n<\/div>\n<\/div>\n<div class=\"col-xl-6 col-lg-4 col-md-6 col-sm-12 col-xs-12\">\n<\/div>\n<\/div>\n<\/div>\n<\/div>\n\n<\/div>\n\n    \n\n\n<div style=\"height:120px\" aria-hidden=\"true\" class=\"wp-block-spacer\"><\/div>\n\n\n\n<figure class=\"wp-block-image size-full\"><img loading=\"lazy\" decoding=\"async\" width=\"74\" height=\"74\" src=\"https:\/\/mazury.travel\/rowery\/wp-content\/uploads\/2021\/12\/logo-1.png\" alt=\"Warmia Mazury logo\" class=\"wp-image-220\"\/><\/figure>\n\n\n\n<div style=\"height:40px\" aria-hidden=\"true\" class=\"wp-block-spacer\"><\/div>\n\n\n\n<h2 class=\"wp-block-heading\">Warmia i Mazury, czyli zaproszenie do podr\u00f3\u017cy\u2026<\/h2>\n\n\n\n<p><\/p>\n\n\n\n<p><strong>Zapraszamy do odkrywania Warmii i Mazur na rowerze!<\/strong><\/p>\n\n\n\n<p>POBIERZ &#8211; <a href=\"https:\/\/bu.warmia.mazury.pl:7123\/sharing\/00C1fsSKU\" target=\"_blank\" rel=\"noreferrer noopener\">ROWEROWE WARMI\u0143SKO-MAZURSKIE propozycje tras i wycieczek &#8211; cz\u0119\u015b\u0107 I<\/a><\/p>\n\n\n\n<p>POBIERZ &#8211; <a rel=\"noreferrer noopener\" href=\"https:\/\/bu.warmia.mazury.pl:7123\/fsdownload\/8rlJnHVJo\/ROWEROWE_WARMINSKO_MAZURSKIE_CZ_2.pdf\" data-type=\"URL\" data-id=\"https:\/\/bu.warmia.mazury.pl:7123\/fsdownload\/8rlJnHVJo\/ROWEROWE_WARMINSKO_MAZURSKIE_CZ_2.pdf\" target=\"_blank\">ROWEROWE WARMI\u0143SKO-MAZURSKIE propozycje tras i wycieczek &#8211; cz\u0119\u015b\u0107 II<\/a><\/p>\n\n\n\n<p>POBIERZ &#8211; <a href=\"https:\/\/bu.warmia.mazury.pl:7123\/sharing\/NnsAxdHZ6\" data-type=\"URL\" data-id=\"https:\/\/bu.warmia.mazury.pl:7123\/sharing\/NnsAxdHZ6\" target=\"_blank\" rel=\"noreferrer noopener\">ROWEROWE WARMI\u0143SKO-MAZURSKIE propozycje tras i wycieczek &#8211; cz\u0119\u015b\u0107 III<\/a><\/p>\n\n\n\n<p>POBIERZ &#8211; <a href=\"https:\/\/mazury.travel\/rowery\/wp-content\/uploads\/2024\/08\/Katalog-MPR-2024.pdf\" data-type=\"URL\" data-id=\"https:\/\/bu.warmia.mazury.pl:7123\/sharing\/NnsAxdHZ6\" target=\"_blank\" rel=\"noreferrer noopener\">KATALOG 2024 &#8211; MIEJSCA PRZYJAZNE ROWERZYSTOM W WOJEW\u00d3DZTWIE WARMI\u0143SKO-MAZURSKIM<\/a><\/p>\n\n\n\n<p><\/p>\n\n\n\n<p>Na Warmii i Mazurach znajdziecie mn\u00f3stwo mo\u017cliwo\u015bci uprawiania zar\u00f3wno rekreacyjnej, jak i wyczynowej jazdy na rowerze. Ka\u017cdy bardziej do\u015bwiadczony turysta rowerowy, korzystaj\u0105c z og\u00f3lnie dost\u0119pnych map i narz\u0119dzi geolokalizacyjnych, bez problemu poradzi sobie na drogach o r\u00f3\u017cnej nawierzchni, kt\u00f3re powiod\u0105 go przez najbardziej malownicze zak\u0105tki. Jednak z my\u015bl\u0105 o wygodzie i komforcie jazdy, a tak\u017ce aby umo\u017cliwi\u0107 korzystanie z aktywnej turystyki osobom je\u017cd\u017c\u0105cym okazjonalnie, dzieciom i seniorom, w regionie zosta\u0142y wytyczone liczne szlaki o zr\u00f3\u017cnicowanej d\u0142ugo\u015bci i r\u00f3\u017cnym stopniu trudno\u015bci.<\/p>\n\n\n\n<p>Wzd\u0142u\u017c p\u00f3\u0142nocnej granicy wojew\u00f3dztwa przebiega regionalny odcinek Wschodniego Szlaku Rowerowego Green Velo (395 km), najd\u0142u\u017cszej trasy rowerowej w Polsce. \u0141\u0105cz\u0105 si\u0119 z nim m.in. Szlak Rowerowy Kana\u0142u Elbl\u0105skiego (85 km, z Ostr\u00f3dy do Elbl\u0105ga), \u015bcie\u017cka rowerowa Szlakiem Kolejowym (28 km, z Ornety do Lidzbarka Warmi\u0144skiego) oraz \u0141ynostrada (ok. 100 km, z okolic Nidzicy przez Olsztyn do Lidzbarka Warmi\u0144skiego). Po\u0142\u0105czenie z Green Velo (w W\u0119gorzewie) zyska te\u017c powstaj\u0105ca Mazurska P\u0119tla Rowerowa (ponad 300 km), wiod\u0105ca wok\u00f3\u0142 Wielkich Jezior Mazurskich.<\/p>\n\n\n\n<p>Wci\u0105\u017c wytyczane s\u0105 r\u00f3wnie\u017c liczne trasy lokalne. Niekt\u00f3re z nich powstaj\u0105 od podstaw w postaci \u015bcie\u017cek o nawierzchni asfaltowej (poprowadzonych np. po torowiskach dawnych linii kolejowych), z dodatkow\u0105 infrastruktur\u0105 dla turyst\u00f3w (wiaty, miejsca odpoczynku). Dobrym przyk\u0142adem s\u0105 tu zrealizowane etapy takich tras \u0142\u0105cz\u0105cych Kurz\u0119tnik z I\u0142aw\u0105 (przez Nowe Miasto Lubawskie) i Szczytno z Biskupcem (przez D\u017awierzuty).<\/p>\n\n\n\n<p>Ciekaw\u0105 propozycj\u0105 s\u0105 wyprawy historycznymi szlakami komunikacyjnymi. Go\u015bciniec Niborski (41 km) prowadzi przez Puszcz\u0119 Napiwodzko-Ramuck\u0105 dawnym traktem wiod\u0105cym z Olsztyna do Warszawy (szlak ko\u0144czy si\u0119 we wsi Napiwoda). Liczne trasy wytyczono te\u017c w dobrze znanej \u017ceglarzom Krainie Wielkich Jezior Mazurskich. Biegn\u0105ca przez Puszcz\u0119 Pisk\u0105 P\u0119tla Nidzka (47 km) i P\u0119tla Be\u0142dany (39 km) \u2013 zaczynaj\u0105 si\u0119 i ko\u0144cz\u0105 w Rucianem-Nidzie. Wielu wra\u017ce\u0144 dostarcza jazda Szlakiem Gi\u017cycko \u2013 Ryn \u2013 \u015awi\u0119ta Lipka (65 km).<\/p>\n\n\n\n<p>Szlaki \u0142\u0105cz\u0105 miejsca atrakcyjne pod wzgl\u0119dem przyrodniczym (rezerwaty i pomniki przyrody, \u015bcie\u017cki edukacyjne), kulturowym (zabytki, muzea) i rekreacyjnym (pla\u017ce, parki, obiekty sportowe). Prowadz\u0105 te\u017c przez tereny o niezwykle urozmaiconych krajobrazach: od p\u0142askich \u017bu\u0142aw Wi\u015blanych, przez malownicze klify wzd\u0142u\u017c Zalewu Wi\u015blanego, pag\u00f3rkowate tereny pojezierzy i wysoczyzn, po mazurskie r\u00f3wniny poro\u015bni\u0119te cienistymi puszczami.<\/p>\n\n\n    <div id=\"blok-information-block_61c08400919b9\" class=\"ukryj\">\n\n            \n            <div class=\"trail_sec_next\">\n            <div class=\"container\">\n            <div class=\"row\">\n\n                                <div class=\"col-xl-4 col-lg-4 col-md-6 col-sm-12 col-xs-12\">\n                    <a href=\"https:\/\/mazury.travel\/rowery\/o_szlakach\/informacje-ogolne\/\">                    <div class=\"trail_box\">                        \n                        <div class=\"trail_box_text\">Informacje Og\u00f3lne<\/div>\n                        <img decoding=\"async\" src=\"https:\/\/mazury.travel\/rowery\/wp-content\/uploads\/2021\/12\/img1.jpg\" class=\"green_dark\" alt=\"\"  style=\"border-bottom-color: #759c30;\"  >\n                    <\/div>\n                    <\/a>                <\/div>\n                                <div class=\"col-xl-4 col-lg-4 col-md-6 col-sm-12 col-xs-12\">\n                    <a href=\"https:\/\/mazury.travel\/rowery\/o_szlakach\/geneza-pomyslu\/\">                    <div class=\"trail_box\">                        \n                        <div class=\"trail_box_text\">Geneza pomys\u0142u<\/div>\n                        <img decoding=\"async\" src=\"https:\/\/mazury.travel\/rowery\/wp-content\/uploads\/2021\/12\/img2.jpg\" class=\"green_dark\" alt=\"\"  style=\"border-bottom-color: #3168a8;\"  >\n                    <\/div>\n                    <\/a>                <\/div>\n                                <div class=\"col-xl-4 col-lg-4 col-md-6 col-sm-12 col-xs-12\">\n                    <a href=\"https:\/\/mazury.travel\/rowery\/o_szlakach\/zrodla-finansowania\/\">                    <div class=\"trail_box\">                        \n                        <div class=\"trail_box_text\">\u0179r\u00f3d\u0142a finansowania<\/div>\n                        <img decoding=\"async\" src=\"https:\/\/mazury.travel\/rowery\/wp-content\/uploads\/2021\/12\/img3.jpg\" class=\"green_dark\" alt=\"\"  style=\"border-bottom-color: #5d9ee8;\"  >\n                    <\/div>\n                    <\/a>                <\/div>\n                                <div class=\"col-xl-4 col-lg-4 col-md-6 col-sm-12 col-xs-12\">\n                    <a href=\"https:\/\/mazury.travel\/rowery\/o_szlakach\/aplikacja-mobilna-green-velo\/\">                    <div class=\"trail_box\">                        \n                        <div class=\"trail_box_text\">Aplikacja mobilna Green Velo<\/div>\n                        <img decoding=\"async\" src=\"https:\/\/mazury.travel\/rowery\/wp-content\/uploads\/2021\/12\/img4.jpg\" class=\"green_dark\" alt=\"\"  style=\"border-bottom-color: #a1b92a;\"  >\n                    <\/div>\n                    <\/a>                <\/div>\n                                <div class=\"col-xl-4 col-lg-4 col-md-6 col-sm-12 col-xs-12\">\n                    <a href=\"https:\/\/mazury.travel\/rowery\/o_szlakach\/zagospodarowanie-szlaku\/\">                    <div class=\"trail_box\">                        \n                        <div class=\"trail_box_text\">Zagospodarowanie szlaku<\/div>\n                        <img decoding=\"async\" src=\"https:\/\/mazury.travel\/rowery\/wp-content\/uploads\/2021\/12\/img5.jpg\" class=\"green_dark\" alt=\"\"  style=\"border-bottom-color: #fedc00;\"  >\n                    <\/div>\n                    <\/a>                <\/div>\n                                <div class=\"col-xl-4 col-lg-4 col-md-6 col-sm-12 col-xs-12\">\n                    <a href=\"https:\/\/mazury.travel\/rowery\/o_szlakach\/promocja-szlaku\/\">                    <div class=\"trail_box\">                        \n                        <div class=\"trail_box_text\">Promocja szlaku<\/div>\n                        <img decoding=\"async\" src=\"https:\/\/mazury.travel\/rowery\/wp-content\/uploads\/2021\/12\/img6.jpg\" class=\"green_dark\" alt=\"\"  style=\"border-bottom-color: #3168a8;\"  >\n                    <\/div>\n                    <\/a>                <\/div>\n                                <div class=\"col-xl-4 col-lg-4 col-md-6 col-sm-12 col-xs-12\">\n                    <a href=\"https:\/\/mazury.travel\/rowery\/o_szlakach\/przebieg-szlaku\/\">                    <div class=\"trail_box\">                        \n                        <div class=\"trail_box_text\">Przebieg szlaku<\/div>\n                        <img decoding=\"async\" src=\"https:\/\/mazury.travel\/rowery\/wp-content\/uploads\/2021\/12\/img7.jpg\" class=\"green_dark\" alt=\"\"  style=\"border-bottom-color: #759c30;\"  >\n                    <\/div>\n                    <\/a>                <\/div>\n                                <div class=\"col-xl-4 col-lg-4 col-md-6 col-sm-12 col-xs-12\">\n                    <a href=\"https:\/\/mazury.travel\/rowery\/o_szlakach\/walory-przyrodnicze\/\">                    <div class=\"trail_box\">                        \n                        <div class=\"trail_box_text\">Walory przyrodnicze<\/div>\n                        <img decoding=\"async\" src=\"https:\/\/mazury.travel\/rowery\/wp-content\/uploads\/2021\/12\/img8.jpg\" class=\"green_dark\" alt=\"\"  style=\"border-bottom-color: #3168a8;\"  >\n                    <\/div>\n                    <\/a>                <\/div>\n                                <div class=\"col-xl-4 col-lg-4 col-md-6 col-sm-12 col-xs-12\">\n                    <a href=\"https:\/\/mazury.travel\/rowery\/o_szlakach\/multimedia\/\">                    <div class=\"trail_box\">                        \n                        <div class=\"trail_box_text\">Multimedia<\/div>\n                        <img decoding=\"async\" src=\"https:\/\/mazury.travel\/rowery\/wp-content\/uploads\/2021\/12\/img9.jpg\" class=\"green_dark\" alt=\"\"  style=\"border-bottom-color: #5d9ee8;\"  >\n                    <\/div>\n                    <\/a>                <\/div>\n                \n            <\/div>\n            <\/div>\n            <\/div>\n\n    <\/div>\n\n    ","protected":false},"excerpt":{"rendered":"<p>Warmia i Mazury, czyli zaproszenie do podr\u00f3\u017cy\u2026 Zapraszamy do odkrywania Warmii i Mazur na rowerze! POBIERZ &#8211; ROWEROWE WARMI\u0143SKO-MAZURSKIE propozycje tras i wycieczek &#8211; cz\u0119\u015b\u0107 I POBIERZ &#8211; ROWEROWE WARMI\u0143SKO-MAZURSKIE propozycje tras i wycieczek &#8211; cz\u0119\u015b\u0107 II POBIERZ &#8211; ROWEROWE WARMI\u0143SKO-MAZURSKIE propozycje tras i wycieczek &#8211; cz\u0119\u015b\u0107 III POBIERZ &#8211; KATALOG 2024 &#8211; MIEJSCA PRZYJAZNE [&hellip;]<\/p>\n","protected":false},"author":1,"featured_media":3223,"parent":0,"menu_order":2,"comment_status":"closed","ping_status":"closed","template":"","meta":{"inline_featured_image":false,"footnotes":""},"class_list":["post-8","page","type-page","status-publish","has-post-thumbnail","hentry"],"_links":{"self":[{"href":"https:\/\/mazury.travel\/rowery\/wp-json\/wp\/v2\/pages\/8","targetHints":{"allow":["GET"]}}],"collection":[{"href":"https:\/\/mazury.travel\/rowery\/wp-json\/wp\/v2\/pages"}],"about":[{"href":"https:\/\/mazury.travel\/rowery\/wp-json\/wp\/v2\/types\/page"}],"author":[{"embeddable":true,"href":"https:\/\/mazury.travel\/rowery\/wp-json\/wp\/v2\/users\/1"}],"replies":[{"embeddable":true,"href":"https:\/\/mazury.travel\/rowery\/wp-json\/wp\/v2\/comments?post=8"}],"version-history":[{"count":55,"href":"https:\/\/mazury.travel\/rowery\/wp-json\/wp\/v2\/pages\/8\/revisions"}],"predecessor-version":[{"id":5675,"href":"https:\/\/mazury.travel\/rowery\/wp-json\/wp\/v2\/pages\/8\/revisions\/5675"}],"wp:featuredmedia":[{"embeddable":true,"href":"https:\/\/mazury.travel\/rowery\/wp-json\/wp\/v2\/media\/3223"}],"wp:attachment":[{"href":"https:\/\/mazury.travel\/rowery\/wp-json\/wp\/v2\/media?parent=8"}],"curies":[{"name":"wp","href":"https:\/\/api.w.org\/{rel}","templated":true}]}}